{"id":84,"date":"2024-05-08T08:25:41","date_gmt":"2024-05-08T07:25:41","guid":{"rendered":"https:\/\/adcustoms.hu\/?page_id=84"},"modified":"2024-05-08T08:42:53","modified_gmt":"2024-05-08T07:42:53","slug":"information","status":"publish","type":"page","link":"https:\/\/adcustoms.hu\/en\/information\/","title":{"rendered":"What is Indirect Customs Representation, and how can AD Customs take over my obligation to pay import VAT? - information","raw":"What is Indirect Customs Representation, and how can AD Customs take over my obligation to pay import VAT? - information"},"content":{"rendered":"\n<p>It is often difficult for importers to pay customs duties and import VAT (Value Added Tax) immediately for shipments they import. We strive to provide our customers with beneficial financing opportunities while reducing their administrative burden. To achieve this, we have expanded our service offerings to include indirect representation, in addition to our other customs representation services.<\/p>\n\n\n\n<p>Indirect customs representation is when a&nbsp;representative acts in their own name&nbsp;but&nbsp;on behalf of another person. When we provide this service, we act in our own name (as AD Customs Kft.) but on behalf of the importer (our customer). We then become jointly liable for the customs duties, and can take over the obligation to pay import VAT from our customers.<\/p>\n\n\n\n<p>This is set out in Paragraph 145 (2) of the Hungary VAT Act, which makes it possible for the import taxes to be paid during the import customs procedure by the indirect customs representative instead of the importer.<\/p>\n\n\n\n<p>As part of an arrangement within the framework of the complex customs services we offer, our customers do not need to pay import VAT during customs clearances, and still remain compliant with the VAT act and other relevant customs legislation.<\/p>\n\n\n\n<p>If you want to minimise your administrative and financial burdens, while maintaining your financial balance and competitiveness, take advantage of AD Customs Kft.\u2019s indirect customs representation services!<\/p>\n","protected":false,"raw":"<!-- wp:paragraph -->\n<p>It is often difficult for importers to pay customs duties and import VAT (Value Added Tax) immediately for shipments they import. We strive to provide our customers with beneficial financing opportunities while reducing their administrative burden. To achieve this, we have expanded our service offerings to include indirect representation, in addition to our other customs representation services.<\/p>\n<!-- \/wp:paragraph -->\n\n<!-- wp:paragraph -->\n<p>Indirect customs representation is when a&nbsp;representative acts in their own name&nbsp;but&nbsp;on behalf of another person. When we provide this service, we act in our own name (as AD Customs Kft.) but on behalf of the importer (our customer). We then become jointly liable for the customs duties, and can take over the obligation to pay import VAT from our customers.<\/p>\n<!-- \/wp:paragraph -->\n\n<!-- wp:paragraph -->\n<p>This is set out in Paragraph 145 (2) of the Hungary VAT Act, which makes it possible for the import taxes to be paid during the import customs procedure by the indirect customs representative instead of the importer.<\/p>\n<!-- \/wp:paragraph -->\n\n<!-- wp:paragraph -->\n<p>As part of an arrangement within the framework of the complex customs services we offer, our customers do not need to pay import VAT during customs clearances, and still remain compliant with the VAT act and other relevant customs legislation.<\/p>\n<!-- \/wp:paragraph -->\n\n<!-- wp:paragraph -->\n<p>If you want to minimise your administrative and financial burdens, while maintaining your financial balance and competitiveness, take advantage of AD Customs Kft.\u2019s indirect customs representation services!<\/p>\n<!-- \/wp:paragraph -->"},"excerpt":{"rendered":"","protected":false,"raw":""},"author":1,"featured_media":0,"parent":0,"menu_order":0,"comment_status":"closed","ping_status":"closed","template":"","meta":{"inline_featured_image":false,"_hu_post_content":"<!-- wp:paragraph -->\n<p>Komplex v\u00e1m\u00fcgyi szolg\u00e1ltat\u00e1sunk sor\u00e1n t\u00f6bbek k\u00f6z\u00f6tt egyik legfontosabb c\u00e9lunk, hogy megb\u00edz\u00f3inkat adminisztrat\u00edv terheinek cs\u00f6kkent\u00e9se mellett el\u0151ny\u00f6s finansz\u00edroz\u00e1si lehet\u0151s\u00e9gekhez juttassuk, hiszen tudjuk, sokszor komoly neh\u00e9zs\u00e9get jelent az import\u00e1l\u00f3knak a sz\u00e1ll\u00edtm\u00e1nyt terhel\u0151 v\u00e1m \u00e9s import \u00c1FA azonnali kiegyenl\u00edt\u00e9se. E c\u00e9lkit\u0171z\u00e9s\u00fcnk megval\u00f3s\u00edt\u00e1sa \u00e9rdek\u00e9ben d\u00f6nt\u00f6tt\u00fcnk \u00fagy, hogy az eddigi v\u00e1mk\u00e9pviseleti szolg\u00e1ltat\u00e1sunkat k\u00f6zvetett k\u00e9pviselettel is kib\u0151v\u00edtj\u00fck.<\/p>\n<!-- \/wp:paragraph -->\n\n<!-- wp:paragraph -->\n<p>A k\u00f6zvetett v\u00e1mjogi k\u00e9pviselet l\u00e9nyege, hogy a&nbsp;k\u00e9pvisel\u0151 saj\u00e1t nev\u00e9ben, de egy m\u00e1sik szem\u00e9ly \u00e9rdek\u00e9ben j\u00e1r el. Ebben az esetben teh\u00e1t az AD Customs Kft. saj\u00e1t nev\u00e9ben, de az import\u0151r (megb\u00edz\u00f3) \u00e9rdek\u00e9ben j\u00e1r el \u00e9s a vonatkoz\u00f3 v\u00e1mterhek megfizet\u00e9se kapcs\u00e1n \u00edgy v\u00e1lik ad\u00f3ss\u00e1.<\/p>\n<!-- \/wp:paragraph -->\n\n<!-- wp:paragraph -->\n<p>A magyar \u00c1FA Tv. 145.\u00a7 (2) bekezd\u00e9se alapj\u00e1n \u00edgy a term\u00e9k importja sor\u00e1n a v\u00e1melj\u00e1r\u00e1sban az import\u00e1l\u00f3 helyett - k\u00f6zvetett v\u00e1mjogi k\u00e9pviselet eset\u00e9n - <strong>az import \u00c1FA adminisztr\u00e1ci\u00f3s \u00e9s fizet\u00e9si k\u00f6telezetts\u00e9gek a k\u00f6zvetett v\u00e1mjogi k\u00e9pvisel\u0151t terhelik.<\/strong><\/p>\n<!-- \/wp:paragraph -->\n\n<!-- wp:paragraph -->\n<p>Az \u00e1ltalunk aj\u00e1nlott komplex v\u00e1m\u00fcgyint\u00e9z\u0151i szolg\u00e1ltat\u00e1s keret\u00e9ben egy speci\u00e1lis \u2013 mind a v\u00e1mjogszab\u00e1lyok, mind az \u00c1FA t\u00f6rv\u00e9ny el\u0151\u00edr\u00e1sainak mindenben megfelel\u0151 - konstrukci\u00f3ban \u00edgy <strong>\u00fcgyfeleinknek<\/strong> v\u00e1mkezel\u00e9skor <strong>nem keletkezik import \u00c1FA-fizet\u00e9si k\u00f6telezetts\u00e9g\u00fck<\/strong>.<\/p>\n<!-- \/wp:paragraph -->\n\n<!-- wp:paragraph -->\n<p>Amennyiben szeretn\u00e9 az \u00e1ltalunk ny\u00fajtott v\u00e1m\u00fcgyint\u00e9z\u00e9s el\u0151nyeit kihaszn\u00e1lni, szeretn\u00e9 adminisztr\u00e1ci\u00f3s \u00e9s finansz\u00edroz\u00e1si terheit minimaliz\u00e1lni, ez\u00e1ltal p\u00e9nz\u00fcgyi egyens\u00faly\u00e1t \u00e9s versenyk\u00e9pess\u00e9g\u00e9t meg\u0151rizni, akkor vegye ig\u00e9nybe az AD Customs Kft. \u00e1ltal ny\u00fajtott k\u00f6zvetett v\u00e1mjogi k\u00e9pviseletet.<\/p>\n<!-- \/wp:paragraph -->","_hu_post_name":"tajekoztato","_hu_post_excerpt":"","_hu_post_title":"Import \u00c1FA fizet\u00e9si k\u00f6telezetts\u00e9g \u00e1tv\u00e1llal\u00e1sa a k\u00f6zvetett v\u00e1mk\u00e9pviselet keret\u00e9ben - t\u00e1j\u00e9koztat\u00f3","_en_post_content":"<!-- wp:paragraph -->\n<p>It is often difficult for importers to pay customs duties and import VAT (Value Added Tax) immediately for shipments they import. We strive to provide our customers with beneficial financing opportunities while reducing their administrative burden. To achieve this, we have expanded our service offerings to include indirect representation, in addition to our other customs representation services.<\/p>\n<!-- \/wp:paragraph -->\n\n<!-- wp:paragraph -->\n<p>Indirect customs representation is when a&nbsp;representative acts in their own name&nbsp;but&nbsp;on behalf of another person. When we provide this service, we act in our own name (as AD Customs Kft.) but on behalf of the importer (our customer). We then become jointly liable for the customs duties, and can take over the obligation to pay import VAT from our customers.<\/p>\n<!-- \/wp:paragraph -->\n\n<!-- wp:paragraph -->\n<p>This is set out in Paragraph 145 (2) of the Hungary VAT Act, which makes it possible for the import taxes to be paid during the import customs procedure by the indirect customs representative instead of the importer.<\/p>\n<!-- \/wp:paragraph -->\n\n<!-- wp:paragraph -->\n<p>As part of an arrangement within the framework of the complex customs services we offer, our customers do not need to pay import VAT during customs clearances, and still remain compliant with the VAT act and other relevant customs legislation.<\/p>\n<!-- \/wp:paragraph -->\n\n<!-- wp:paragraph -->\n<p>If you want to minimise your administrative and financial burdens, while maintaining your financial balance and competitiveness, take advantage of AD Customs Kft.\u2019s indirect customs representation services!<\/p>\n<!-- \/wp:paragraph -->","_en_post_name":"information","_en_post_excerpt":"","_en_post_title":"What is Indirect Customs Representation, and how can AD Customs take over my obligation to pay import VAT? - information","edit_language":"en","footnotes":""},"class_list":["post-84","page","type-page","status-publish","hentry"],"yoast_head":"<!-- This site is optimized with the Yoast SEO plugin v19.10 - https:\/\/yoast.com\/wordpress\/plugins\/seo\/ -->\n<title>Import \u00c1FA fizet\u00e9si k\u00f6telezetts\u00e9g \u00e1tv\u00e1llal\u00e1sa a k\u00f6zvetett v\u00e1mk\u00e9pviselet keret\u00e9ben - t\u00e1j\u00e9koztat\u00f3 - AD Customs<\/title>\n<meta name=\"description\" content=\"k\u00f6zvetett v\u00e1mk\u00e9pviselet, import \u00c1FA\" \/>\n<meta name=\"robots\" content=\"index, follow, max-snippet:-1, max-image-preview:large, max-video-preview:-1\" \/>\n<link rel=\"canonical\" href=\"https:\/\/adcustoms.hu\/tajekoztato\/\" \/>\n<meta property=\"og:locale\" content=\"en_US\" \/>\n<meta property=\"og:type\" content=\"article\" \/>\n<meta property=\"og:title\" content=\"Import \u00c1FA fizet\u00e9si k\u00f6telezetts\u00e9g \u00e1tv\u00e1llal\u00e1sa a k\u00f6zvetett v\u00e1mk\u00e9pviselet keret\u00e9ben - t\u00e1j\u00e9koztat\u00f3 - AD Customs\" \/>\n<meta property=\"og:description\" content=\"k\u00f6zvetett v\u00e1mk\u00e9pviselet, import \u00c1FA\" \/>\n<meta property=\"og:url\" content=\"https:\/\/adcustoms.hu\/tajekoztato\/\" \/>\n<meta property=\"og:site_name\" content=\"AD Customs\" \/>\n<meta property=\"article:modified_time\" content=\"2024-05-08T07:42:53+00:00\" \/>\n<meta name=\"twitter:card\" content=\"summary_large_image\" \/>\n<meta name=\"twitter:label1\" content=\"Est. reading time\" \/>\n\t<meta name=\"twitter:data1\" content=\"2 minutes\" \/>\n<script type=\"application\/ld+json\" class=\"yoast-schema-graph\">{\"@context\":\"https:\/\/schema.org\",\"@graph\":[{\"@type\":\"WebPage\",\"@id\":\"https:\/\/adcustoms.hu\/tajekoztato\/\",\"url\":\"https:\/\/adcustoms.hu\/tajekoztato\/\",\"name\":\"Import \u00c1FA fizet\u00e9si k\u00f6telezetts\u00e9g \u00e1tv\u00e1llal\u00e1sa a k\u00f6zvetett v\u00e1mk\u00e9pviselet keret\u00e9ben - t\u00e1j\u00e9koztat\u00f3 - AD Customs\",\"isPartOf\":{\"@id\":\"https:\/\/adcustoms.hu\/#website\"},\"datePublished\":\"2024-05-08T07:25:41+00:00\",\"dateModified\":\"2024-05-08T07:42:53+00:00\",\"description\":\"k\u00f6zvetett v\u00e1mk\u00e9pviselet, import \u00c1FA\",\"breadcrumb\":{\"@id\":\"https:\/\/adcustoms.hu\/tajekoztato\/#breadcrumb\"},\"inLanguage\":\"english\",\"potentialAction\":[{\"@type\":\"ReadAction\",\"target\":[\"https:\/\/adcustoms.hu\/tajekoztato\/\"]}]},{\"@type\":\"BreadcrumbList\",\"@id\":\"https:\/\/adcustoms.hu\/tajekoztato\/#breadcrumb\",\"itemListElement\":[{\"@type\":\"ListItem\",\"position\":1,\"name\":\"Kezd\u0151lap\",\"item\":\"https:\/\/adcustoms.hu\/\"},{\"@type\":\"ListItem\",\"position\":2,\"name\":\"Import \u00c1FA fizet\u00e9si k\u00f6telezetts\u00e9g \u00e1tv\u00e1llal\u00e1sa a k\u00f6zvetett v\u00e1mk\u00e9pviselet keret\u00e9ben &#8211; t\u00e1j\u00e9koztat\u00f3\"}]},{\"@type\":\"WebSite\",\"@id\":\"https:\/\/adcustoms.hu\/#website\",\"url\":\"https:\/\/adcustoms.hu\/\",\"name\":\"AD Customs\",\"description\":\"\",\"publisher\":{\"@id\":\"https:\/\/adcustoms.hu\/#organization\"},\"potentialAction\":[{\"@type\":\"SearchAction\",\"target\":{\"@type\":\"EntryPoint\",\"urlTemplate\":\"https:\/\/adcustoms.hu\/?s={search_term_string}\"},\"query-input\":\"required name=search_term_string\"}],\"inLanguage\":\"english\"},{\"@type\":\"Organization\",\"@id\":\"https:\/\/adcustoms.hu\/#organization\",\"name\":\"AD Customs\",\"url\":\"https:\/\/adcustoms.hu\/\",\"logo\":{\"@type\":\"ImageObject\",\"inLanguage\":\"english\",\"@id\":\"https:\/\/adcustoms.hu\/#\/schema\/logo\/image\/\",\"url\":\"https:\/\/adcustoms.hu\/wp-content\/uploads\/2022\/11\/AD-CUSTOMS-atlatszo-e1668966582116.png\",\"contentUrl\":\"https:\/\/adcustoms.hu\/wp-content\/uploads\/2022\/11\/AD-CUSTOMS-atlatszo-e1668966582116.png\",\"width\":1879,\"height\":626,\"caption\":\"AD Customs\"},\"image\":{\"@id\":\"https:\/\/adcustoms.hu\/#\/schema\/logo\/image\/\"}}]}<\/script>\n<!-- \/ Yoast SEO plugin. -->","yoast_head_json":{"title":"Import \u00c1FA fizet\u00e9si k\u00f6telezetts\u00e9g \u00e1tv\u00e1llal\u00e1sa a k\u00f6zvetett v\u00e1mk\u00e9pviselet keret\u00e9ben - t\u00e1j\u00e9koztat\u00f3 - AD Customs","description":"k\u00f6zvetett v\u00e1mk\u00e9pviselet, import \u00c1FA","robots":{"index":"index","follow":"follow","max-snippet":"max-snippet:-1","max-image-preview":"max-image-preview:large","max-video-preview":"max-video-preview:-1"},"canonical":"https:\/\/adcustoms.hu\/tajekoztato\/","og_locale":"en_US","og_type":"article","og_title":"Import \u00c1FA fizet\u00e9si k\u00f6telezetts\u00e9g \u00e1tv\u00e1llal\u00e1sa a k\u00f6zvetett v\u00e1mk\u00e9pviselet keret\u00e9ben - t\u00e1j\u00e9koztat\u00f3 - AD Customs","og_description":"k\u00f6zvetett v\u00e1mk\u00e9pviselet, import \u00c1FA","og_url":"https:\/\/adcustoms.hu\/tajekoztato\/","og_site_name":"AD Customs","article_modified_time":"2024-05-08T07:42:53+00:00","twitter_card":"summary_large_image","twitter_misc":{"Est. reading time":"2 minutes"},"schema":{"@context":"https:\/\/schema.org","@graph":[{"@type":"WebPage","@id":"https:\/\/adcustoms.hu\/tajekoztato\/","url":"https:\/\/adcustoms.hu\/tajekoztato\/","name":"Import \u00c1FA fizet\u00e9si k\u00f6telezetts\u00e9g \u00e1tv\u00e1llal\u00e1sa a k\u00f6zvetett v\u00e1mk\u00e9pviselet keret\u00e9ben - t\u00e1j\u00e9koztat\u00f3 - AD Customs","isPartOf":{"@id":"https:\/\/adcustoms.hu\/#website"},"datePublished":"2024-05-08T07:25:41+00:00","dateModified":"2024-05-08T07:42:53+00:00","description":"k\u00f6zvetett v\u00e1mk\u00e9pviselet, import \u00c1FA","breadcrumb":{"@id":"https:\/\/adcustoms.hu\/tajekoztato\/#breadcrumb"},"inLanguage":"english","potentialAction":[{"@type":"ReadAction","target":["https:\/\/adcustoms.hu\/tajekoztato\/"]}]},{"@type":"BreadcrumbList","@id":"https:\/\/adcustoms.hu\/tajekoztato\/#breadcrumb","itemListElement":[{"@type":"ListItem","position":1,"name":"Kezd\u0151lap","item":"https:\/\/adcustoms.hu\/"},{"@type":"ListItem","position":2,"name":"Import \u00c1FA fizet\u00e9si k\u00f6telezetts\u00e9g \u00e1tv\u00e1llal\u00e1sa a k\u00f6zvetett v\u00e1mk\u00e9pviselet keret\u00e9ben &#8211; t\u00e1j\u00e9koztat\u00f3"}]},{"@type":"WebSite","@id":"https:\/\/adcustoms.hu\/#website","url":"https:\/\/adcustoms.hu\/","name":"AD Customs","description":"","publisher":{"@id":"https:\/\/adcustoms.hu\/#organization"},"potentialAction":[{"@type":"SearchAction","target":{"@type":"EntryPoint","urlTemplate":"https:\/\/adcustoms.hu\/?s={search_term_string}"},"query-input":"required name=search_term_string"}],"inLanguage":"english"},{"@type":"Organization","@id":"https:\/\/adcustoms.hu\/#organization","name":"AD Customs","url":"https:\/\/adcustoms.hu\/","logo":{"@type":"ImageObject","inLanguage":"english","@id":"https:\/\/adcustoms.hu\/#\/schema\/logo\/image\/","url":"https:\/\/adcustoms.hu\/wp-content\/uploads\/2022\/11\/AD-CUSTOMS-atlatszo-e1668966582116.png","contentUrl":"https:\/\/adcustoms.hu\/wp-content\/uploads\/2022\/11\/AD-CUSTOMS-atlatszo-e1668966582116.png","width":1879,"height":626,"caption":"AD Customs"},"image":{"@id":"https:\/\/adcustoms.hu\/#\/schema\/logo\/image\/"}}]}},"_links":{"self":[{"href":"https:\/\/adcustoms.hu\/en\/wp-json\/wp\/v2\/pages\/84","targetHints":{"allow":["GET"]}}],"collection":[{"href":"https:\/\/adcustoms.hu\/en\/wp-json\/wp\/v2\/pages"}],"about":[{"href":"https:\/\/adcustoms.hu\/en\/wp-json\/wp\/v2\/types\/page"}],"author":[{"embeddable":true,"href":"https:\/\/adcustoms.hu\/en\/wp-json\/wp\/v2\/users\/1"}],"replies":[{"embeddable":true,"href":"https:\/\/adcustoms.hu\/en\/wp-json\/wp\/v2\/comments?post=84"}],"version-history":[{"count":1,"href":"https:\/\/adcustoms.hu\/en\/wp-json\/wp\/v2\/pages\/84\/revisions"}],"predecessor-version":[{"id":85,"href":"https:\/\/adcustoms.hu\/en\/wp-json\/wp\/v2\/pages\/84\/revisions\/85"}],"wp:attachment":[{"href":"https:\/\/adcustoms.hu\/en\/wp-json\/wp\/v2\/media?parent=84"}],"curies":[{"name":"wp","href":"https:\/\/api.w.org\/{rel}","templated":true}]}}