{"id":18,"date":"2022-11-18T12:48:27","date_gmt":"2022-11-18T11:48:27","guid":{"rendered":"https:\/\/adcustoms.hu\/?page_id=18"},"modified":"2024-05-08T08:47:24","modified_gmt":"2024-05-08T07:47:24","slug":"services","status":"publish","type":"page","link":"https:\/\/adcustoms.hu\/en\/services\/","title":{"rendered":"Services","raw":"Services"},"content":{"rendered":"\n<ul class=\"wp-block-list\">\n<li>Customs representation in import procedures (e.g.: Release for Free Circulation, Temporary Admission)<\/li>\n\n\n\n<li>Export, transit, and customs warehouse procedures<\/li>\n\n\n\n<li>Handling normal, simplified, and Authorised Economic Operator (AEO) compliant customs procedures<\/li>\n\n\n\n<li>subsequent customs procedures, including amendments and refunds<\/li>\n\n\n\n<li>Participating and offering representation in government audits<\/li>\n\n\n\n<li>Applying for and administering customs licences (new and existing)<\/li>\n\n\n\n<li>Taking over the import VAT (Value Added Tax) obligation<\/li>\n\n\n\n<li>Administering the Environment Protection Product Fee<\/li>\n\n\n\n<li>Professional consulting on customs and foreign trade<\/li>\n<\/ul>\n\n\n\n<p><a href=\"https:\/\/adcustoms.hu\/en\/information\/\">We offer indirect customs representation as a unique service, allowing us to assume responsibility for your obligation to pay import Value Added Tax (VAT).<\/a><\/p>\n\n\n\n<p>Read more about additional services we offer through our sister company&nbsp;<a href=\"https:\/\/adintrade.hu\" target=\"_blank\" rel=\"noreferrer noopener\">AD Intrade Kft. &#8211; customs and foreign trade services<\/a><\/p>\n","protected":false,"raw":"<!-- wp:list -->\n<ul><!-- wp:list-item -->\n<li>Customs representation in import procedures (e.g.: Release for Free Circulation, Temporary Admission)<\/li>\n<!-- \/wp:list-item -->\n\n<!-- wp:list-item -->\n<li>Export, transit, and customs warehouse procedures<\/li>\n<!-- \/wp:list-item -->\n\n<!-- wp:list-item -->\n<li>Handling normal, simplified, and Authorised Economic Operator (AEO) compliant customs procedures<\/li>\n<!-- \/wp:list-item -->\n\n<!-- wp:list-item -->\n<li>subsequent customs procedures, including amendments and refunds<\/li>\n<!-- \/wp:list-item -->\n\n<!-- wp:list-item -->\n<li>Participating and offering representation in government audits<\/li>\n<!-- \/wp:list-item -->\n\n<!-- wp:list-item -->\n<li>Applying for and administering customs licences (new and existing)<\/li>\n<!-- \/wp:list-item -->\n\n<!-- wp:list-item -->\n<li>Taking over the import VAT (Value Added Tax) obligation<\/li>\n<!-- \/wp:list-item -->\n\n<!-- wp:list-item -->\n<li>Administering the Environment Protection Product Fee<\/li>\n<!-- \/wp:list-item -->\n\n<!-- wp:list-item -->\n<li>Professional consulting on customs and foreign trade<\/li>\n<!-- \/wp:list-item --><\/ul>\n<!-- \/wp:list -->\n\n<!-- wp:paragraph -->\n<p><a href=\"https:\/\/adcustoms.hu\/en\/information\/\">We offer indirect customs representation as a unique service, allowing us to assume responsibility for your obligation to pay import Value Added Tax (VAT).<\/a><\/p>\n<!-- \/wp:paragraph -->\n\n<!-- wp:paragraph -->\n<p>Read more about additional services we offer through our sister company&nbsp;<a href=\"https:\/\/adintrade.hu\" target=\"_blank\" rel=\"noreferrer noopener\">AD Intrade Kft. - customs and foreign trade services<\/a><\/p>\n<!-- \/wp:paragraph -->"},"excerpt":{"rendered":"","protected":false,"raw":""},"author":1,"featured_media":0,"parent":0,"menu_order":0,"comment_status":"closed","ping_status":"closed","template":"","meta":{"inline_featured_image":false,"_hu_post_content":"<!-- wp:list -->\n<ul><!-- wp:list-item -->\n<li>V\u00e1m\u00fcgyn\u00f6ki k\u00f6zrem\u0171k\u00f6d\u00e9s behozatali v\u00e1melj\u00e1r\u00e1sokban (pl. szabad forgalomba bocs\u00e1t\u00e1s, ideiglenes behozatal)<\/li>\n<!-- \/wp:list-item -->\n\n<!-- wp:list-item -->\n<li>Export, \u00e1rutov\u00e1bb\u00edt\u00e1si-, \u00e9s v\u00e1mrakt\u00e1roz\u00e1si elj\u00e1r\u00e1sok<\/li>\n<!-- \/wp:list-item -->\n\n<!-- wp:list-item -->\n<li>A fenti v\u00e1melj\u00e1r\u00e1sok norm\u00e1l-, egyszer\u0171s\u00edtett-, \u00e9s AEO (enged\u00e9lyezett gazd\u00e1lkod\u00f3) elj\u00e1r\u00e1si rend szerinti v\u00e9grehajt\u00e1sa is<\/li>\n<!-- \/wp:list-item -->\n\n<!-- wp:list-item -->\n<li>Ut\u00f3lagos elj\u00e1r\u00e1sok elv\u00e9gz\u00e9se, bele\u00e9rtve a m\u00f3dos\u00edt\u00e1sokat, v\u00e1mvisszat\u00e9r\u00edt\u00e9seket<\/li>\n<!-- \/wp:list-item -->\n\n<!-- wp:list-item -->\n<li>V\u00e1mellen\u0151rz\u00e9seken val\u00f3 k\u00f6zrem\u0171k\u00f6d\u00e9s<\/li>\n<!-- \/wp:list-item -->\n\n<!-- wp:list-item -->\n<li>V\u00e1mhat\u00f3s\u00e1gi enged\u00e9lyez\u00e9si elj\u00e1r\u00e1sok teljesk\u00f6r\u0171 lebonyol\u00edt\u00e1sa<\/li>\n<!-- \/wp:list-item -->\n\n<!-- wp:list-item -->\n<li>Import \u00c1FA k\u00f6telezetts\u00e9gek \u00e1tv\u00e1llal\u00e1sa<\/li>\n<!-- \/wp:list-item -->\n\n<!-- wp:list-item -->\n<li>K\u00f6rnyezetv\u00e9delmi term\u00e9kd\u00edj \u00fcgyint\u00e9z\u00e9s<\/li>\n<!-- \/wp:list-item -->\n\n<!-- wp:list-item -->\n<li>V\u00e1m- \u00e9s k\u00fclkereskedelmi tan\u00e1csad\u00e1s<\/li>\n<!-- \/wp:list-item --><\/ul>\n<!-- \/wp:list -->\n\n<!-- wp:paragraph -->\n<p><a href=\"https:\/\/adcustoms.hu\/tajekoztato\/\">Egyedi szolg\u00e1ltat\u00e1sunk a k\u00f6zvetett v\u00e1mk\u00e9pviselet, az \u00fcgyfeleink import \u00c1FA fizet\u00e9si k\u00f6telezetts\u00e9geinek \u00e1tv\u00e1llal\u00e1s\u00e1val, b\u0151vebben\u2026<\/a><\/p>\n<!-- \/wp:paragraph -->\n\n<!-- wp:paragraph -->\n<p><a href=\"https:\/\/adintrade.hu\" target=\"_blank\" rel=\"noreferrer noopener\">Egy\u00e9b szolg\u00e1ltat\u00e1sainkr\u00f3l testv\u00e9rc\u00e9g\u00fcnk honlapj\u00e1n olvashat b\u0151vebben\u2026<\/a><\/p>\n<!-- \/wp:paragraph -->","_hu_post_name":"szolgaltatasaink","_hu_post_excerpt":"","_hu_post_title":"Szolg\u00e1ltat\u00e1saink","_en_post_content":"<!-- wp:list -->\n<ul><!-- wp:list-item -->\n<li>Customs representation in import procedures (e.g.: Release for Free Circulation, Temporary Admission)<\/li>\n<!-- \/wp:list-item -->\n\n<!-- wp:list-item -->\n<li>Export, transit, and customs warehouse procedures<\/li>\n<!-- \/wp:list-item -->\n\n<!-- wp:list-item -->\n<li>Handling normal, simplified, and Authorised Economic Operator (AEO) compliant customs procedures<\/li>\n<!-- \/wp:list-item -->\n\n<!-- wp:list-item -->\n<li>subsequent customs procedures, including amendments and refunds<\/li>\n<!-- \/wp:list-item -->\n\n<!-- wp:list-item -->\n<li>Participating and offering representation in government audits<\/li>\n<!-- \/wp:list-item -->\n\n<!-- wp:list-item -->\n<li>Applying for and administering customs licences (new and existing)<\/li>\n<!-- \/wp:list-item -->\n\n<!-- wp:list-item -->\n<li>Taking over the import VAT (Value Added Tax) obligation<\/li>\n<!-- \/wp:list-item -->\n\n<!-- wp:list-item -->\n<li>Administering the Environment Protection Product Fee<\/li>\n<!-- \/wp:list-item -->\n\n<!-- wp:list-item -->\n<li>Professional consulting on customs and foreign trade<\/li>\n<!-- \/wp:list-item --><\/ul>\n<!-- \/wp:list -->\n\n<!-- wp:paragraph -->\n<p><a href=\"https:\/\/adcustoms.hu\/en\/information\/\">We offer indirect customs representation as a unique service, allowing us to assume responsibility for your obligation to pay import Value Added Tax (VAT).<\/a><\/p>\n<!-- \/wp:paragraph -->\n\n<!-- wp:paragraph -->\n<p>Read more about additional services we offer through our sister company&nbsp;<a href=\"https:\/\/adintrade.hu\" target=\"_blank\" rel=\"noreferrer noopener\">AD Intrade Kft. - customs and foreign trade services<\/a><\/p>\n<!-- \/wp:paragraph -->","_en_post_name":"services","_en_post_excerpt":"","_en_post_title":"Services","edit_language":"en","footnotes":""},"class_list":["post-18","page","type-page","status-publish","hentry"],"yoast_head":"<!-- This site is optimized with the Yoast SEO plugin v19.10 - https:\/\/yoast.com\/wordpress\/plugins\/seo\/ -->\n<title>Szolg\u00e1ltat\u00e1saink - AD Customs<\/title>\n<meta name=\"description\" content=\"Szolg\u00e1ltat\u00e1saink, Import \u00c1FA, \u00f6rnyezetv\u00e9delmi term\u00e9kd\u00edj\" \/>\n<meta name=\"robots\" content=\"index, follow, max-snippet:-1, max-image-preview:large, max-video-preview:-1\" \/>\n<link rel=\"canonical\" href=\"https:\/\/adcustoms.hu\/szolgaltatasaink\/\" \/>\n<meta property=\"og:locale\" content=\"en_US\" \/>\n<meta property=\"og:type\" content=\"article\" \/>\n<meta property=\"og:title\" content=\"Szolg\u00e1ltat\u00e1saink - AD Customs\" \/>\n<meta property=\"og:description\" content=\"Szolg\u00e1ltat\u00e1saink, Import \u00c1FA, \u00f6rnyezetv\u00e9delmi term\u00e9kd\u00edj\" \/>\n<meta property=\"og:url\" content=\"https:\/\/adcustoms.hu\/szolgaltatasaink\/\" \/>\n<meta property=\"og:site_name\" content=\"AD Customs\" \/>\n<meta property=\"article:modified_time\" content=\"2024-05-08T07:47:24+00:00\" \/>\n<meta name=\"twitter:card\" content=\"summary_large_image\" \/>\n<script type=\"application\/ld+json\" class=\"yoast-schema-graph\">{\"@context\":\"https:\/\/schema.org\",\"@graph\":[{\"@type\":\"WebPage\",\"@id\":\"https:\/\/adcustoms.hu\/szolgaltatasaink\/\",\"url\":\"https:\/\/adcustoms.hu\/szolgaltatasaink\/\",\"name\":\"Szolg\u00e1ltat\u00e1saink - AD Customs\",\"isPartOf\":{\"@id\":\"https:\/\/adcustoms.hu\/#website\"},\"datePublished\":\"2022-11-18T11:48:27+00:00\",\"dateModified\":\"2024-05-08T07:47:24+00:00\",\"description\":\"Szolg\u00e1ltat\u00e1saink, Import \u00c1FA, \u00f6rnyezetv\u00e9delmi term\u00e9kd\u00edj\",\"breadcrumb\":{\"@id\":\"https:\/\/adcustoms.hu\/szolgaltatasaink\/#breadcrumb\"},\"inLanguage\":\"english\",\"potentialAction\":[{\"@type\":\"ReadAction\",\"target\":[\"https:\/\/adcustoms.hu\/szolgaltatasaink\/\"]}]},{\"@type\":\"BreadcrumbList\",\"@id\":\"https:\/\/adcustoms.hu\/szolgaltatasaink\/#breadcrumb\",\"itemListElement\":[{\"@type\":\"ListItem\",\"position\":1,\"name\":\"Kezd\u0151lap\",\"item\":\"https:\/\/adcustoms.hu\/\"},{\"@type\":\"ListItem\",\"position\":2,\"name\":\"Szolg\u00e1ltat\u00e1saink\"}]},{\"@type\":\"WebSite\",\"@id\":\"https:\/\/adcustoms.hu\/#website\",\"url\":\"https:\/\/adcustoms.hu\/\",\"name\":\"AD Customs\",\"description\":\"\",\"publisher\":{\"@id\":\"https:\/\/adcustoms.hu\/#organization\"},\"potentialAction\":[{\"@type\":\"SearchAction\",\"target\":{\"@type\":\"EntryPoint\",\"urlTemplate\":\"https:\/\/adcustoms.hu\/?s={search_term_string}\"},\"query-input\":\"required name=search_term_string\"}],\"inLanguage\":\"english\"},{\"@type\":\"Organization\",\"@id\":\"https:\/\/adcustoms.hu\/#organization\",\"name\":\"AD Customs\",\"url\":\"https:\/\/adcustoms.hu\/\",\"logo\":{\"@type\":\"ImageObject\",\"inLanguage\":\"english\",\"@id\":\"https:\/\/adcustoms.hu\/#\/schema\/logo\/image\/\",\"url\":\"https:\/\/adcustoms.hu\/wp-content\/uploads\/2022\/11\/AD-CUSTOMS-atlatszo-e1668966582116.png\",\"contentUrl\":\"https:\/\/adcustoms.hu\/wp-content\/uploads\/2022\/11\/AD-CUSTOMS-atlatszo-e1668966582116.png\",\"width\":1879,\"height\":626,\"caption\":\"AD Customs\"},\"image\":{\"@id\":\"https:\/\/adcustoms.hu\/#\/schema\/logo\/image\/\"}}]}<\/script>\n<!-- \/ Yoast SEO plugin. -->","yoast_head_json":{"title":"Szolg\u00e1ltat\u00e1saink - AD Customs","description":"Szolg\u00e1ltat\u00e1saink, Import \u00c1FA, \u00f6rnyezetv\u00e9delmi term\u00e9kd\u00edj","robots":{"index":"index","follow":"follow","max-snippet":"max-snippet:-1","max-image-preview":"max-image-preview:large","max-video-preview":"max-video-preview:-1"},"canonical":"https:\/\/adcustoms.hu\/szolgaltatasaink\/","og_locale":"en_US","og_type":"article","og_title":"Szolg\u00e1ltat\u00e1saink - AD Customs","og_description":"Szolg\u00e1ltat\u00e1saink, Import \u00c1FA, \u00f6rnyezetv\u00e9delmi term\u00e9kd\u00edj","og_url":"https:\/\/adcustoms.hu\/szolgaltatasaink\/","og_site_name":"AD Customs","article_modified_time":"2024-05-08T07:47:24+00:00","twitter_card":"summary_large_image","schema":{"@context":"https:\/\/schema.org","@graph":[{"@type":"WebPage","@id":"https:\/\/adcustoms.hu\/szolgaltatasaink\/","url":"https:\/\/adcustoms.hu\/szolgaltatasaink\/","name":"Szolg\u00e1ltat\u00e1saink - AD Customs","isPartOf":{"@id":"https:\/\/adcustoms.hu\/#website"},"datePublished":"2022-11-18T11:48:27+00:00","dateModified":"2024-05-08T07:47:24+00:00","description":"Szolg\u00e1ltat\u00e1saink, Import \u00c1FA, \u00f6rnyezetv\u00e9delmi term\u00e9kd\u00edj","breadcrumb":{"@id":"https:\/\/adcustoms.hu\/szolgaltatasaink\/#breadcrumb"},"inLanguage":"english","potentialAction":[{"@type":"ReadAction","target":["https:\/\/adcustoms.hu\/szolgaltatasaink\/"]}]},{"@type":"BreadcrumbList","@id":"https:\/\/adcustoms.hu\/szolgaltatasaink\/#breadcrumb","itemListElement":[{"@type":"ListItem","position":1,"name":"Kezd\u0151lap","item":"https:\/\/adcustoms.hu\/"},{"@type":"ListItem","position":2,"name":"Szolg\u00e1ltat\u00e1saink"}]},{"@type":"WebSite","@id":"https:\/\/adcustoms.hu\/#website","url":"https:\/\/adcustoms.hu\/","name":"AD Customs","description":"","publisher":{"@id":"https:\/\/adcustoms.hu\/#organization"},"potentialAction":[{"@type":"SearchAction","target":{"@type":"EntryPoint","urlTemplate":"https:\/\/adcustoms.hu\/?s={search_term_string}"},"query-input":"required name=search_term_string"}],"inLanguage":"english"},{"@type":"Organization","@id":"https:\/\/adcustoms.hu\/#organization","name":"AD Customs","url":"https:\/\/adcustoms.hu\/","logo":{"@type":"ImageObject","inLanguage":"english","@id":"https:\/\/adcustoms.hu\/#\/schema\/logo\/image\/","url":"https:\/\/adcustoms.hu\/wp-content\/uploads\/2022\/11\/AD-CUSTOMS-atlatszo-e1668966582116.png","contentUrl":"https:\/\/adcustoms.hu\/wp-content\/uploads\/2022\/11\/AD-CUSTOMS-atlatszo-e1668966582116.png","width":1879,"height":626,"caption":"AD Customs"},"image":{"@id":"https:\/\/adcustoms.hu\/#\/schema\/logo\/image\/"}}]}},"_links":{"self":[{"href":"https:\/\/adcustoms.hu\/en\/wp-json\/wp\/v2\/pages\/18","targetHints":{"allow":["GET"]}}],"collection":[{"href":"https:\/\/adcustoms.hu\/en\/wp-json\/wp\/v2\/pages"}],"about":[{"href":"https:\/\/adcustoms.hu\/en\/wp-json\/wp\/v2\/types\/page"}],"author":[{"embeddable":true,"href":"https:\/\/adcustoms.hu\/en\/wp-json\/wp\/v2\/users\/1"}],"replies":[{"embeddable":true,"href":"https:\/\/adcustoms.hu\/en\/wp-json\/wp\/v2\/comments?post=18"}],"version-history":[{"count":3,"href":"https:\/\/adcustoms.hu\/en\/wp-json\/wp\/v2\/pages\/18\/revisions"}],"predecessor-version":[{"id":86,"href":"https:\/\/adcustoms.hu\/en\/wp-json\/wp\/v2\/pages\/18\/revisions\/86"}],"wp:attachment":[{"href":"https:\/\/adcustoms.hu\/en\/wp-json\/wp\/v2\/media?parent=18"}],"curies":[{"name":"wp","href":"https:\/\/api.w.org\/{rel}","templated":true}]}}